{"id":985,"date":"2024-11-27T14:06:15","date_gmt":"2024-11-27T19:06:15","guid":{"rendered":"https:\/\/zivte.com\/plan-strategique-2024\/"},"modified":"2024-12-03T09:55:15","modified_gmt":"2024-12-03T14:55:15","slug":"strategic-plan-2024-2028","status":"publish","type":"page","link":"https:\/\/zivte.com\/en\/strategic-plan-2024-2028\/","title":{"rendered":"Strategic Plan 2024-2028"},"content":{"rendered":"<section class=\"l-section wpb_row height_auto color_alternate with_img\"><div class=\"l-section-img\" role=\"img\" aria-label=\"Image\" data-img-width=\"1920\" data-img-height=\"1280\" style=\"background-image: url(https:\/\/zivte.com\/wp-content\/uploads\/2023\/03\/eoliennes.jpeg);\"><\/div><div class=\"l-section-overlay\" style=\"background:var(--color-content-overlay)\"><\/div><div class=\"l-section-h i-cf\"><div class=\"g-cols vc_row via_grid cols_1 laptops-cols_inherit tablets-cols_inherit mobiles-cols_1 valign_top type_default stacking_default\"><div class=\"wpb_column vc_column_container\"><div class=\"vc_column-inner\"><div class=\"wpb_text_column us_custom_60e9caca us_animate_this\"><div class=\"wpb_wrapper\"><h1 style=\"text-align: center;\">Strategic Plan 2024-2028<\/h1>\n<\/div><\/div><div class=\"w-separator size_small\"><\/div><div class=\"wpb_text_column us_custom_f70d789f style-h3 us_animate_this\"><div class=\"wpb_wrapper\"><h2 style=\"text-align: center;\">A Society Project<\/h2>\n<\/div><\/div><\/div><\/div><\/div><\/div><\/section><section class=\"l-section wpb_row height_auto\"><div class=\"l-section-h i-cf\"><div class=\"g-cols vc_row via_grid cols_1 laptops-cols_inherit tablets-cols_inherit mobiles-cols_1 valign_top type_default stacking_default\"><div class=\"wpb_column vc_column_container\"><div class=\"vc_column-inner\"><div class=\"g-cols wpb_row row-responsive-1024 via_grid cols_2 laptops-cols_inherit tablets-cols_inherit mobiles-cols_1 valign_middle type_default stacking_default\" style=\"--columns-gap:3rem;\"><div class=\"wpb_column vc_column_container\"><div class=\"vc_column-inner\"><div class=\"wpb_text_column\"><div class=\"wpb_wrapper\"><p>Qu\u00e9bec has everything it takes to become a leader in the energy transition: green electricity, critical and strategic minerals, entrepreneurial dynamism and scientific expertise. With the creation of the Innovation zone of Energy Transition Valley (IZ-VTE), the government is taking a concrete step towards decarbonizing our society.<\/p>\n<\/div><\/div><\/div><\/div><div class=\"wpb_column vc_column_container\"><div class=\"vc_column-inner\"><div class=\"w-image us_custom_6d66d209 us_animate_this align_none\"><div class=\"w-image-h\"><img decoding=\"async\" width=\"1920\" height=\"1440\" src=\"https:\/\/zivte.com\/wp-content\/uploads\/2024\/11\/AdobeStock_84709979_rt.png\" class=\"attachment-full size-full\" alt=\"\" loading=\"lazy\" srcset=\"https:\/\/zivte.com\/wp-content\/uploads\/2024\/11\/AdobeStock_84709979_rt.png 1920w, https:\/\/zivte.com\/wp-content\/uploads\/2024\/11\/AdobeStock_84709979_rt-300x225.png 300w, https:\/\/zivte.com\/wp-content\/uploads\/2024\/11\/AdobeStock_84709979_rt-1024x768.png 1024w\" sizes=\"auto, (max-width: 1920px) 100vw, 1920px\" \/><\/div><\/div><\/div><\/div><\/div><div class=\"w-separator size_medium\"><\/div><div class=\"g-cols wpb_row row-responsive-1024 middle-row via_grid cols_2 laptops-cols_inherit tablets-cols_inherit mobiles-cols_1 valign_middle type_default stacking_default\" style=\"--columns-gap:3rem;\"><div class=\"wpb_column vc_column_container\"><div class=\"vc_column-inner\"><div class=\"w-image us_custom_6d66d209 us_animate_this align_none\"><div class=\"w-image-h\"><img decoding=\"async\" width=\"1920\" height=\"1282\" src=\"https:\/\/zivte.com\/wp-content\/uploads\/2024\/11\/pexels-cristian-rojas-8853536_rt.png\" class=\"attachment-full size-full\" alt=\"\" loading=\"lazy\" srcset=\"https:\/\/zivte.com\/wp-content\/uploads\/2024\/11\/pexels-cristian-rojas-8853536_rt.png 1920w, https:\/\/zivte.com\/wp-content\/uploads\/2024\/11\/pexels-cristian-rojas-8853536_rt-300x200.png 300w, https:\/\/zivte.com\/wp-content\/uploads\/2024\/11\/pexels-cristian-rojas-8853536_rt-1024x684.png 1024w\" sizes=\"auto, (max-width: 1920px) 100vw, 1920px\" \/><\/div><\/div><\/div><\/div><div class=\"wpb_column vc_column_container\"><div class=\"vc_column-inner\"><div class=\"wpb_text_column\"><div class=\"wpb_wrapper\"><p>But making this transition a success requires us to rethink the way we live and produce. Together, individuals, businesses and communities must adopt sustainable and innovative solutions to meet today\u2019s challenges. The IZ-VTE is a driving force for change, connecting talents, ideas and resources to build a responsible economic model and an attractive living environment. Today, every action counts to transform our climate challenges into opportunities and build a stronger, greener, more prosperous Quebec.<\/p>\n<p><strong>Our strategic plan paves the way to make this vision a reality, by mobilizing all players towards a sustainable and inclusive transformation.<\/strong><\/p>\n<\/div><\/div><\/div><\/div><\/div><div class=\"w-separator size_huge\"><\/div><div class=\"w-btn-wrapper align_center\"><a class=\"w-btn us-btn-style_3 us_custom_60e9caca us_animate_this\" target=\"_blank\" href=\"https:\/\/zivte.com\/wp-content\/uploads\/2024\/11\/VTE_Strategic_Plan-EN.pdf\"><span class=\"w-btn-label\">Download the strategic plan<\/span><\/a><\/div><\/div><\/div><\/div><\/div><\/section>\n","protected":false},"excerpt":{"rendered":"Strategic Plan 2024-2028 A Society Project Qu\u00e9bec has everything it takes to become a leader in the energy transition: green electricity, critical and strategic minerals, entrepreneurial dynamism and scientific expertise. With the creation of the Innovation zone of Energy Transition Valley (IZ-VTE), the government is taking a concrete step towards decarbonizing our society. But making...","protected":false},"author":1,"featured_media":0,"parent":0,"menu_order":0,"comment_status":"closed","ping_status":"closed","template":"","meta":{"_acf_changed":false,"footnotes":""},"class_list":["post-985","page","type-page","status-publish","hentry"],"acf":[],"yoast_head":"<!-- This site is optimized with the Yoast SEO plugin v27.3 - https:\/\/yoast.com\/product\/yoast-seo-wordpress\/ -->\n<title>Strategic Plan 2024-2028 - Vall\u00e9e de la transition \u00e9nerg\u00e9tique<\/title>\n<meta name=\"robots\" content=\"index, follow, max-snippet:-1, max-image-preview:large, max-video-preview:-1\" \/>\n<link rel=\"canonical\" href=\"https:\/\/zivte.com\/en\/strategic-plan-2024-2028\/\" \/>\n<meta property=\"og:locale\" content=\"en_US\" \/>\n<meta property=\"og:type\" content=\"article\" \/>\n<meta property=\"og:title\" content=\"Strategic Plan 2024-2028 - Vall\u00e9e de la transition \u00e9nerg\u00e9tique\" \/>\n<meta property=\"og:url\" content=\"https:\/\/zivte.com\/en\/strategic-plan-2024-2028\/\" \/>\n<meta property=\"og:site_name\" content=\"Vall\u00e9e de la transition \u00e9nerg\u00e9tique\" \/>\n<meta property=\"article:modified_time\" content=\"2024-12-03T14:55:15+00:00\" \/>\n<meta property=\"og:image\" content=\"https:\/\/zivte.com\/wp-content\/uploads\/2023\/04\/Facebook-Share.jpg\" \/>\n\t<meta property=\"og:image:width\" content=\"1200\" \/>\n\t<meta property=\"og:image:height\" content=\"630\" \/>\n\t<meta property=\"og:image:type\" content=\"image\/jpeg\" \/>\n<meta name=\"twitter:card\" content=\"summary_large_image\" \/>\n<meta name=\"twitter:label1\" content=\"Est. reading time\" \/>\n\t<meta name=\"twitter:data1\" content=\"1 minute\" \/>\n<script type=\"application\/ld+json\" class=\"yoast-schema-graph\">{\"@context\":\"https:\\\/\\\/schema.org\",\"@graph\":[{\"@type\":\"WebPage\",\"@id\":\"https:\\\/\\\/zivte.com\\\/en\\\/strategic-plan-2024-2028\\\/\",\"url\":\"https:\\\/\\\/zivte.com\\\/en\\\/strategic-plan-2024-2028\\\/\",\"name\":\"Strategic Plan 2024-2028 - Vall\u00e9e de la transition \u00e9nerg\u00e9tique\",\"isPartOf\":{\"@id\":\"https:\\\/\\\/zivte.com\\\/en\\\/#website\"},\"datePublished\":\"2024-11-27T19:06:15+00:00\",\"dateModified\":\"2024-12-03T14:55:15+00:00\",\"breadcrumb\":{\"@id\":\"https:\\\/\\\/zivte.com\\\/en\\\/strategic-plan-2024-2028\\\/#breadcrumb\"},\"inLanguage\":\"en-US\",\"potentialAction\":[{\"@type\":\"ReadAction\",\"target\":[\"https:\\\/\\\/zivte.com\\\/en\\\/strategic-plan-2024-2028\\\/\"]}]},{\"@type\":\"BreadcrumbList\",\"@id\":\"https:\\\/\\\/zivte.com\\\/en\\\/strategic-plan-2024-2028\\\/#breadcrumb\",\"itemListElement\":[{\"@type\":\"ListItem\",\"position\":1,\"name\":\"Accueil\",\"item\":\"https:\\\/\\\/zivte.com\\\/en\\\/\"},{\"@type\":\"ListItem\",\"position\":2,\"name\":\"Strategic Plan 2024-2028\"}]},{\"@type\":\"WebSite\",\"@id\":\"https:\\\/\\\/zivte.com\\\/en\\\/#website\",\"url\":\"https:\\\/\\\/zivte.com\\\/en\\\/\",\"name\":\"Vall\u00e9e de la transition \u00e9nerg\u00e9tique\",\"description\":\"Un \u00e9cosyst\u00e8me entrepreneurial et collaboratif entre les entreprises, les organisations et le monde du savoir.\",\"potentialAction\":[{\"@type\":\"SearchAction\",\"target\":{\"@type\":\"EntryPoint\",\"urlTemplate\":\"https:\\\/\\\/zivte.com\\\/en\\\/?s={search_term_string}\"},\"query-input\":{\"@type\":\"PropertyValueSpecification\",\"valueRequired\":true,\"valueName\":\"search_term_string\"}}],\"inLanguage\":\"en-US\"}]}<\/script>\n<!-- \/ Yoast SEO plugin. -->","yoast_head_json":{"title":"Strategic Plan 2024-2028 - Vall\u00e9e de la transition \u00e9nerg\u00e9tique","robots":{"index":"index","follow":"follow","max-snippet":"max-snippet:-1","max-image-preview":"max-image-preview:large","max-video-preview":"max-video-preview:-1"},"canonical":"https:\/\/zivte.com\/en\/strategic-plan-2024-2028\/","og_locale":"en_US","og_type":"article","og_title":"Strategic Plan 2024-2028 - Vall\u00e9e de la transition \u00e9nerg\u00e9tique","og_url":"https:\/\/zivte.com\/en\/strategic-plan-2024-2028\/","og_site_name":"Vall\u00e9e de la transition \u00e9nerg\u00e9tique","article_modified_time":"2024-12-03T14:55:15+00:00","og_image":[{"width":1200,"height":630,"url":"https:\/\/zivte.com\/wp-content\/uploads\/2023\/04\/Facebook-Share.jpg","type":"image\/jpeg"}],"twitter_card":"summary_large_image","twitter_misc":{"Est. reading time":"1 minute"},"schema":{"@context":"https:\/\/schema.org","@graph":[{"@type":"WebPage","@id":"https:\/\/zivte.com\/en\/strategic-plan-2024-2028\/","url":"https:\/\/zivte.com\/en\/strategic-plan-2024-2028\/","name":"Strategic Plan 2024-2028 - Vall\u00e9e de la transition \u00e9nerg\u00e9tique","isPartOf":{"@id":"https:\/\/zivte.com\/en\/#website"},"datePublished":"2024-11-27T19:06:15+00:00","dateModified":"2024-12-03T14:55:15+00:00","breadcrumb":{"@id":"https:\/\/zivte.com\/en\/strategic-plan-2024-2028\/#breadcrumb"},"inLanguage":"en-US","potentialAction":[{"@type":"ReadAction","target":["https:\/\/zivte.com\/en\/strategic-plan-2024-2028\/"]}]},{"@type":"BreadcrumbList","@id":"https:\/\/zivte.com\/en\/strategic-plan-2024-2028\/#breadcrumb","itemListElement":[{"@type":"ListItem","position":1,"name":"Accueil","item":"https:\/\/zivte.com\/en\/"},{"@type":"ListItem","position":2,"name":"Strategic Plan 2024-2028"}]},{"@type":"WebSite","@id":"https:\/\/zivte.com\/en\/#website","url":"https:\/\/zivte.com\/en\/","name":"Vall\u00e9e de la transition \u00e9nerg\u00e9tique","description":"Un \u00e9cosyst\u00e8me entrepreneurial et collaboratif entre les entreprises, les organisations et le monde du savoir.","potentialAction":[{"@type":"SearchAction","target":{"@type":"EntryPoint","urlTemplate":"https:\/\/zivte.com\/en\/?s={search_term_string}"},"query-input":{"@type":"PropertyValueSpecification","valueRequired":true,"valueName":"search_term_string"}}],"inLanguage":"en-US"}]}},"_links":{"self":[{"href":"https:\/\/zivte.com\/en\/wp-json\/wp\/v2\/pages\/985","targetHints":{"allow":["GET"]}}],"collection":[{"href":"https:\/\/zivte.com\/en\/wp-json\/wp\/v2\/pages"}],"about":[{"href":"https:\/\/zivte.com\/en\/wp-json\/wp\/v2\/types\/page"}],"author":[{"embeddable":true,"href":"https:\/\/zivte.com\/en\/wp-json\/wp\/v2\/users\/1"}],"replies":[{"embeddable":true,"href":"https:\/\/zivte.com\/en\/wp-json\/wp\/v2\/comments?post=985"}],"version-history":[{"count":0,"href":"https:\/\/zivte.com\/en\/wp-json\/wp\/v2\/pages\/985\/revisions"}],"wp:attachment":[{"href":"https:\/\/zivte.com\/en\/wp-json\/wp\/v2\/media?parent=985"}],"curies":[{"name":"wp","href":"https:\/\/api.w.org\/{rel}","templated":true}]}}