{"id":441,"date":"2023-09-06T13:25:52","date_gmt":"2023-09-06T17:25:52","guid":{"rendered":"https:\/\/zivte.com\/formulaire-declaration-dengagement-vte\/"},"modified":"2024-11-29T17:44:17","modified_gmt":"2024-11-29T22:44:17","slug":"vte-state-of-commitment-form","status":"publish","type":"page","link":"https:\/\/zivte.com\/en\/vte-state-of-commitment-form\/","title":{"rendered":"VTE State of commitment form"},"content":{"rendered":"<section class=\"l-section wpb_row height_auto color_alternate with_img\"><div class=\"l-section-img\" role=\"img\" aria-label=\"Image\" data-img-width=\"1920\" data-img-height=\"1280\" style=\"background-image: url(https:\/\/zivte.com\/wp-content\/uploads\/2023\/03\/eoliennes.jpeg);\"><\/div><div class=\"l-section-overlay\" style=\"background:var(--color-content-overlay)\"><\/div><div class=\"l-section-h i-cf\"><div class=\"g-cols vc_row via_grid cols_1 laptops-cols_inherit tablets-cols_inherit mobiles-cols_1 valign_top type_default stacking_default\"><div class=\"wpb_column vc_column_container\"><div class=\"vc_column-inner\"><div class=\"wpb_text_column us_custom_60e9caca us_animate_this\"><div class=\"wpb_wrapper\"><h1 style=\"text-align: center;\">VTE State of commitment form<\/h1>\n<\/div><\/div><\/div><\/div><\/div><\/div><\/section><section class=\"l-section wpb_row height_auto\"><div class=\"l-section-h i-cf\"><div class=\"g-cols vc_row via_grid cols_1 laptops-cols_inherit tablets-cols_inherit mobiles-cols_1 valign_top type_default stacking_default\"><div class=\"wpb_column vc_column_container\"><div class=\"vc_column-inner\"><div class=\"wpb_text_column bigger how\"><div class=\"wpb_wrapper\"><h2 style=\"text-align: center;\">How can I sign the VTE statement of commitment?<\/h2>\n<\/div><\/div><\/div><\/div><\/div><\/div><\/section><section class=\"l-section wpb_row us_custom_887a049b rangee-signature height_auto\"><div class=\"l-section-h i-cf\"><div class=\"g-cols vc_row via_grid cols_2 laptops-cols_inherit tablets-cols_inherit mobiles-cols_1 valign_top type_default stacking_default\"><div class=\"wpb_column vc_column_container us_custom_a9be633b colonne-document has_bg_color\"><div class=\"vc_column-inner\"><div class=\"wpb_text_column us_custom_62a3ad2f bigger\"><div class=\"wpb_wrapper\"><p>Step 1<\/p>\n<\/div><\/div><div class=\"w-separator size_medium\"><\/div><div class=\"wpb_text_column\"><div class=\"wpb_wrapper\"><h2>Read the VTE statement of commitment<\/h2>\n<\/div><\/div><div class=\"w-separator size_small\"><\/div><div class=\"wpb_text_column us_custom_df5f4c97 has_text_color\"><div class=\"wpb_wrapper\"><p>For anyone interested in getting involved in the VTE development ecosystem, here\u2019s how:<\/p>\n<ul type=\"disc\">\n<li>Complete the form\u00a0:\n<ul type=\"circle\">\n<li>Provide their contact information.<\/li>\n<li>Mention their interests (motivation) towards the energy transition.<\/li>\n<li>State their specifics implications in VTE.<\/li>\n<li>Option: check box to become an official member of the VTE Assembly of<br \/>\nMembers and provide the resolution of their organization\/company<br \/>\nindicating that they are the authorized representative.<\/li>\n<\/ul>\n<\/li>\n<li>Electronically sign their <a href=\"https:\/\/zivte.com\/wp-content\/uploads\/2023\/09\/VTE-State-of-commitment.pdf\" target=\"_blank\" rel=\"noopener\">VTE STATEMENT OF COMMITMENT<\/a>.<\/li>\n<li>Receive an acknowledgment of receipt confirming that the process is under<br \/>\nreview.<\/li>\n<li>Receive an authorization number as an member in good standing confirming<br \/>\nthat it is officially accepted:<\/p>\n<ul type=\"circle\">\n<li>A committee of three (3) persons delegated by the Board will receive the<br \/>\n<a href=\"https:\/\/zivte.com\/wp-content\/uploads\/2023\/09\/VTE-State-of-commitment.pdf\" target=\"_blank\" rel=\"noopener\">VTE STATEMENT OF COMMITMENT<\/a> signature notices in order to analyze the profile of the person and to contact them if additional questions are needed.<\/li>\n<li>To be accepted, delegates must unanimously authorize the person to become an official member.<\/li>\n<\/ul>\n<\/li>\n<\/ul>\n<p>Note that a member who defaults on his commitment may have his authorization withdrawn. The member who loses his authorization will receive an email stating the reasons for his withdrawal.<\/p>\n<\/div><\/div><div class=\"w-separator size_small\"><\/div><\/div><\/div><div class=\"wpb_column vc_column_container us_custom_c70c97eb colonne-formulaire has_bg_color\"><div class=\"vc_column-inner\"><div class=\"wpb_text_column us_custom_ce5a8009 bigger has_text_color\"><div class=\"wpb_wrapper\"><p>Step 2<\/p>\n<\/div><\/div><div class=\"w-separator size_medium\"><\/div><div class=\"wpb_text_column\"><div class=\"wpb_wrapper\"><h2>Complete our form<\/h2>\n<\/div><\/div><div class=\"w-separator size_small\"><\/div>[vc_raw_html]JTVCcXVmb3JtJTIwaWQlM0QlMjIyJTIyJTIwbmFtZSUzRCUyMlN0YXRlbWVudCUyMG9mJTIwY29tbWl0bWVudCUyMiU1RA==[\/vc_raw_html]<\/div><\/div><\/div><\/div><\/section>\n","protected":false},"excerpt":{"rendered":"VTE State of commitment form How can I sign the VTE statement of commitment? Step 1 Read the VTE statement of commitment For anyone interested in getting involved in the VTE development ecosystem, here\u2019s how: Complete the form\u00a0: Provide their contact information. Mention their interests (motivation) towards the energy transition. State their specifics implications in...","protected":false},"author":1,"featured_media":0,"parent":0,"menu_order":0,"comment_status":"closed","ping_status":"closed","template":"","meta":{"_acf_changed":false,"footnotes":""},"class_list":["post-441","page","type-page","status-publish","hentry"],"acf":[],"yoast_head":"<!-- This site is optimized with the Yoast SEO plugin v27.3 - https:\/\/yoast.com\/product\/yoast-seo-wordpress\/ -->\n<title>VTE State of commitment form - Vall\u00e9e de la transition \u00e9nerg\u00e9tique<\/title>\n<meta name=\"description\" content=\"VTE State of commitment form - Fill in our form. We will gladly review your submission and be part of something great!\" \/>\n<meta name=\"robots\" content=\"index, follow, max-snippet:-1, max-image-preview:large, max-video-preview:-1\" \/>\n<link rel=\"canonical\" href=\"https:\/\/zivte.com\/en\/vte-state-of-commitment-form\/\" \/>\n<meta property=\"og:locale\" content=\"en_US\" \/>\n<meta property=\"og:type\" content=\"article\" \/>\n<meta property=\"og:title\" content=\"VTE State of commitment form - Vall\u00e9e de la transition \u00e9nerg\u00e9tique\" \/>\n<meta property=\"og:description\" content=\"VTE State of commitment form - Fill in our form. We will gladly review your submission and be part of something great!\" \/>\n<meta property=\"og:url\" content=\"https:\/\/zivte.com\/en\/vte-state-of-commitment-form\/\" \/>\n<meta property=\"og:site_name\" content=\"Vall\u00e9e de la transition \u00e9nerg\u00e9tique\" \/>\n<meta property=\"article:modified_time\" content=\"2024-11-29T22:44:17+00:00\" \/>\n<meta property=\"og:image\" content=\"https:\/\/zivte.com\/wp-content\/uploads\/2023\/04\/Facebook-Share.jpg\" \/>\n\t<meta property=\"og:image:width\" content=\"1200\" \/>\n\t<meta property=\"og:image:height\" content=\"630\" \/>\n\t<meta property=\"og:image:type\" content=\"image\/jpeg\" \/>\n<meta name=\"twitter:card\" content=\"summary_large_image\" \/>\n<meta name=\"twitter:label1\" content=\"Est. reading time\" \/>\n\t<meta name=\"twitter:data1\" content=\"2 minutes\" \/>\n<script type=\"application\/ld+json\" class=\"yoast-schema-graph\">{\"@context\":\"https:\\\/\\\/schema.org\",\"@graph\":[{\"@type\":\"WebPage\",\"@id\":\"https:\\\/\\\/zivte.com\\\/en\\\/vte-state-of-commitment-form\\\/\",\"url\":\"https:\\\/\\\/zivte.com\\\/en\\\/vte-state-of-commitment-form\\\/\",\"name\":\"VTE State of commitment form - Vall\u00e9e de la transition \u00e9nerg\u00e9tique\",\"isPartOf\":{\"@id\":\"https:\\\/\\\/zivte.com\\\/en\\\/#website\"},\"datePublished\":\"2023-09-06T17:25:52+00:00\",\"dateModified\":\"2024-11-29T22:44:17+00:00\",\"description\":\"VTE State of commitment form - Fill in our form. We will gladly review your submission and be part of something great!\",\"breadcrumb\":{\"@id\":\"https:\\\/\\\/zivte.com\\\/en\\\/vte-state-of-commitment-form\\\/#breadcrumb\"},\"inLanguage\":\"en-US\",\"potentialAction\":[{\"@type\":\"ReadAction\",\"target\":[\"https:\\\/\\\/zivte.com\\\/en\\\/vte-state-of-commitment-form\\\/\"]}]},{\"@type\":\"BreadcrumbList\",\"@id\":\"https:\\\/\\\/zivte.com\\\/en\\\/vte-state-of-commitment-form\\\/#breadcrumb\",\"itemListElement\":[{\"@type\":\"ListItem\",\"position\":1,\"name\":\"Accueil\",\"item\":\"https:\\\/\\\/zivte.com\\\/en\\\/\"},{\"@type\":\"ListItem\",\"position\":2,\"name\":\"VTE State of commitment form\"}]},{\"@type\":\"WebSite\",\"@id\":\"https:\\\/\\\/zivte.com\\\/en\\\/#website\",\"url\":\"https:\\\/\\\/zivte.com\\\/en\\\/\",\"name\":\"Vall\u00e9e de la transition \u00e9nerg\u00e9tique\",\"description\":\"Un \u00e9cosyst\u00e8me entrepreneurial et collaboratif entre les entreprises, les organisations et le monde du savoir.\",\"potentialAction\":[{\"@type\":\"SearchAction\",\"target\":{\"@type\":\"EntryPoint\",\"urlTemplate\":\"https:\\\/\\\/zivte.com\\\/en\\\/?s={search_term_string}\"},\"query-input\":{\"@type\":\"PropertyValueSpecification\",\"valueRequired\":true,\"valueName\":\"search_term_string\"}}],\"inLanguage\":\"en-US\"}]}<\/script>\n<!-- \/ Yoast SEO plugin. -->","yoast_head_json":{"title":"VTE State of commitment form - Vall\u00e9e de la transition \u00e9nerg\u00e9tique","description":"VTE State of commitment form - Fill in our form. We will gladly review your submission and be part of something great!","robots":{"index":"index","follow":"follow","max-snippet":"max-snippet:-1","max-image-preview":"max-image-preview:large","max-video-preview":"max-video-preview:-1"},"canonical":"https:\/\/zivte.com\/en\/vte-state-of-commitment-form\/","og_locale":"en_US","og_type":"article","og_title":"VTE State of commitment form - Vall\u00e9e de la transition \u00e9nerg\u00e9tique","og_description":"VTE State of commitment form - Fill in our form. We will gladly review your submission and be part of something great!","og_url":"https:\/\/zivte.com\/en\/vte-state-of-commitment-form\/","og_site_name":"Vall\u00e9e de la transition \u00e9nerg\u00e9tique","article_modified_time":"2024-11-29T22:44:17+00:00","og_image":[{"width":1200,"height":630,"url":"https:\/\/zivte.com\/wp-content\/uploads\/2023\/04\/Facebook-Share.jpg","type":"image\/jpeg"}],"twitter_card":"summary_large_image","twitter_misc":{"Est. reading time":"2 minutes"},"schema":{"@context":"https:\/\/schema.org","@graph":[{"@type":"WebPage","@id":"https:\/\/zivte.com\/en\/vte-state-of-commitment-form\/","url":"https:\/\/zivte.com\/en\/vte-state-of-commitment-form\/","name":"VTE State of commitment form - Vall\u00e9e de la transition \u00e9nerg\u00e9tique","isPartOf":{"@id":"https:\/\/zivte.com\/en\/#website"},"datePublished":"2023-09-06T17:25:52+00:00","dateModified":"2024-11-29T22:44:17+00:00","description":"VTE State of commitment form - Fill in our form. We will gladly review your submission and be part of something great!","breadcrumb":{"@id":"https:\/\/zivte.com\/en\/vte-state-of-commitment-form\/#breadcrumb"},"inLanguage":"en-US","potentialAction":[{"@type":"ReadAction","target":["https:\/\/zivte.com\/en\/vte-state-of-commitment-form\/"]}]},{"@type":"BreadcrumbList","@id":"https:\/\/zivte.com\/en\/vte-state-of-commitment-form\/#breadcrumb","itemListElement":[{"@type":"ListItem","position":1,"name":"Accueil","item":"https:\/\/zivte.com\/en\/"},{"@type":"ListItem","position":2,"name":"VTE State of commitment form"}]},{"@type":"WebSite","@id":"https:\/\/zivte.com\/en\/#website","url":"https:\/\/zivte.com\/en\/","name":"Vall\u00e9e de la transition \u00e9nerg\u00e9tique","description":"Un \u00e9cosyst\u00e8me entrepreneurial et collaboratif entre les entreprises, les organisations et le monde du savoir.","potentialAction":[{"@type":"SearchAction","target":{"@type":"EntryPoint","urlTemplate":"https:\/\/zivte.com\/en\/?s={search_term_string}"},"query-input":{"@type":"PropertyValueSpecification","valueRequired":true,"valueName":"search_term_string"}}],"inLanguage":"en-US"}]}},"_links":{"self":[{"href":"https:\/\/zivte.com\/en\/wp-json\/wp\/v2\/pages\/441","targetHints":{"allow":["GET"]}}],"collection":[{"href":"https:\/\/zivte.com\/en\/wp-json\/wp\/v2\/pages"}],"about":[{"href":"https:\/\/zivte.com\/en\/wp-json\/wp\/v2\/types\/page"}],"author":[{"embeddable":true,"href":"https:\/\/zivte.com\/en\/wp-json\/wp\/v2\/users\/1"}],"replies":[{"embeddable":true,"href":"https:\/\/zivte.com\/en\/wp-json\/wp\/v2\/comments?post=441"}],"version-history":[{"count":0,"href":"https:\/\/zivte.com\/en\/wp-json\/wp\/v2\/pages\/441\/revisions"}],"wp:attachment":[{"href":"https:\/\/zivte.com\/en\/wp-json\/wp\/v2\/media?parent=441"}],"curies":[{"name":"wp","href":"https:\/\/api.w.org\/{rel}","templated":true}]}}