{"id":439,"date":"2023-07-04T14:28:40","date_gmt":"2023-07-04T18:28:40","guid":{"rendered":"https:\/\/zivte.com\/signataires\/"},"modified":"2026-03-18T18:39:47","modified_gmt":"2026-03-18T22:39:47","slug":"signatories","status":"publish","type":"page","link":"https:\/\/zivte.com\/en\/signatories\/","title":{"rendered":"Signatories"},"content":{"rendered":"<section class=\"l-section wpb_row height_auto color_alternate with_img\"><div class=\"l-section-img\" role=\"img\" aria-label=\"Image\" data-img-width=\"1920\" data-img-height=\"1280\" style=\"background-image: url(https:\/\/zivte.com\/wp-content\/uploads\/2023\/03\/eoliennes.jpeg);\"><\/div><div class=\"l-section-overlay\" style=\"background:var(--color-content-overlay)\"><\/div><div class=\"l-section-h i-cf\"><div class=\"g-cols vc_row via_grid cols_1 laptops-cols_inherit tablets-cols_inherit mobiles-cols_1 valign_top type_default stacking_default\"><div class=\"wpb_column vc_column_container\"><div class=\"vc_column-inner\"><div class=\"wpb_text_column us_custom_60e9caca us_animate_this\"><div class=\"wpb_wrapper\"><h1 style=\"text-align: center;\">Signatories<\/h1>\n<\/div><\/div><\/div><\/div><\/div><\/div><\/section><section class=\"l-section wpb_row height_auto\"><div class=\"l-section-h i-cf\"><div class=\"g-cols vc_row via_grid cols_1 laptops-cols_inherit tablets-cols_inherit mobiles-cols_1 valign_top type_default stacking_default\"><div class=\"wpb_column vc_column_container\"><div class=\"vc_column-inner\"><div class=\"w-tabs style_default switch_click accordion\" style=\"--sections-title-size:inherit\"><div class=\"w-tabs-sections titles-align_none icon_chevron cpos_right\"><div class=\"w-tabs-section\" id=\"s397\"><button class=\"w-tabs-section-header\" aria-controls=\"content-s397\" aria-expanded=\"false\"><div class=\"w-tabs-section-title\">Official active members of the VTE<\/div><div class=\"w-tabs-section-control\"><\/div><\/button><div  class=\"w-tabs-section-content\" id=\"content-s397\"><div class=\"w-tabs-section-content-h i-cf\"><div class=\"w-grid us_grid grille-signataires type_grid layout_349 no_results cols_2 pagination_infinite preload_style_spinner with_css_animation\" id=\"us_grid_1\" style=\"--columns:2;--gap:1.5rem;\" data-filterable=\"true\"><style>@media (max-width:769px){#us_grid_1{--columns:1!important}}.layout_349 .w-grid-item-h{}.layout_349 .usg_post_custom_field_1{margin-bottom:0.5rem!important}.layout_349 .usg_post_custom_field_2{color:#999999!important;margin-bottom:0!important}.layout_349 .usg_post_custom_field_3{color:#999999!important}<\/style><div class=\"w-grid-list\"><\/div>\t<div class=\"w-grid-preloader\">\r\n\t\t<div class=\"g-preloader type_1\">\r\n\t\t\t<div><\/div>\r\n\t\t<\/div>\r\n\t<\/div>\r\n\t\t<div class=\"w-grid-json hidden\" onclick='return {&quot;action&quot;:&quot;us_ajax_grid&quot;,&quot;infinite_scroll&quot;:0,&quot;max_num_pages&quot;:0,&quot;pagination&quot;:&quot;infinite&quot;,&quot;template_vars&quot;:{&quot;columns&quot;:&quot;2&quot;,&quot;exclude_items&quot;:&quot;none&quot;,&quot;img_size&quot;:&quot;default&quot;,&quot;ignore_items_size&quot;:0,&quot;items_layout&quot;:&quot;349&quot;,&quot;items_offset&quot;:&quot;1&quot;,&quot;load_animation&quot;:&quot;afb&quot;,&quot;overriding_link&quot;:&quot;%7B%22url%22%3A%22%22%7D&quot;,&quot;post_id&quot;:0,&quot;query_args&quot;:{&quot;post_type&quot;:[&quot;signataires&quot;],&quot;tax_query&quot;:[{&quot;taxonomy&quot;:&quot;category&quot;,&quot;field&quot;:&quot;slug&quot;,&quot;terms&quot;:[&quot;active-members-of-the-vte&quot;]}],&quot;post_status&quot;:[&quot;publish&quot;,&quot;acf-disabled&quot;],&quot;posts_per_page&quot;:&quot;15&quot;},&quot;orderby_query_args&quot;:{&quot;orderby&quot;:{&quot;title&quot;:&quot;ASC&quot;},&quot;order&quot;:&quot;ASC&quot;},&quot;type&quot;:&quot;grid&quot;,&quot;us_grid_post_type&quot;:&quot;signataires&quot;,&quot;us_grid_ajax_index&quot;:1,&quot;us_grid_filter_query_string&quot;:null,&quot;us_grid_index&quot;:1,&quot;page_args&quot;:[],&quot;lang&quot;:&quot;en&quot;}}'><\/div>\r\n\t<\/div><div class=\"w-grid-none type_message\">No active members<\/div><\/div><\/div><\/div><div class=\"w-tabs-section\" id=\"p937\"><button class=\"w-tabs-section-header\" aria-controls=\"content-p937\" aria-expanded=\"false\"><div class=\"w-tabs-section-title\">Other signatories<\/div><div class=\"w-tabs-section-control\"><\/div><\/button><div  class=\"w-tabs-section-content\" id=\"content-p937\"><div class=\"w-tabs-section-content-h i-cf\"><div class=\"w-grid us_grid grille-signataires type_grid layout_349 no_results cols_2 pagination_infinite preload_style_spinner with_css_animation\" id=\"us_grid_2\" style=\"--columns:2;--gap:1.5rem;\" data-filterable=\"true\"><style>@media (max-width:769px){#us_grid_2{--columns:1!important}}<\/style><div class=\"w-grid-list\"><\/div>\t<div class=\"w-grid-preloader\">\r\n\t\t<div class=\"g-preloader type_1\">\r\n\t\t\t<div><\/div>\r\n\t\t<\/div>\r\n\t<\/div>\r\n\t\t<div class=\"w-grid-json hidden\" onclick='return {&quot;action&quot;:&quot;us_ajax_grid&quot;,&quot;infinite_scroll&quot;:0,&quot;max_num_pages&quot;:0,&quot;pagination&quot;:&quot;infinite&quot;,&quot;template_vars&quot;:{&quot;columns&quot;:&quot;2&quot;,&quot;exclude_items&quot;:&quot;none&quot;,&quot;img_size&quot;:&quot;default&quot;,&quot;ignore_items_size&quot;:0,&quot;items_layout&quot;:&quot;349&quot;,&quot;items_offset&quot;:&quot;1&quot;,&quot;load_animation&quot;:&quot;afb&quot;,&quot;overriding_link&quot;:&quot;%7B%22url%22%3A%22%22%7D&quot;,&quot;post_id&quot;:0,&quot;query_args&quot;:{&quot;post_type&quot;:[&quot;signataires&quot;],&quot;tax_query&quot;:[{&quot;taxonomy&quot;:&quot;category&quot;,&quot;field&quot;:&quot;slug&quot;,&quot;terms&quot;:[&quot;other-signatories&quot;]}],&quot;post_status&quot;:[&quot;publish&quot;,&quot;acf-disabled&quot;],&quot;posts_per_page&quot;:&quot;15&quot;},&quot;orderby_query_args&quot;:{&quot;orderby&quot;:{&quot;title&quot;:&quot;ASC&quot;},&quot;order&quot;:&quot;ASC&quot;},&quot;type&quot;:&quot;grid&quot;,&quot;us_grid_post_type&quot;:&quot;signataires&quot;,&quot;us_grid_ajax_index&quot;:2,&quot;us_grid_filter_query_string&quot;:null,&quot;us_grid_index&quot;:2,&quot;page_args&quot;:[],&quot;lang&quot;:&quot;en&quot;}}'><\/div>\r\n\t<\/div><div class=\"w-grid-none type_message\">No results found.<\/div><\/div><\/div><\/div><\/div><\/div><\/div><\/div><\/div><\/div><\/section>\n","protected":false},"excerpt":{"rendered":"Signatories Official active members of the VTE No active membersOther signatories No results found.","protected":false},"author":1,"featured_media":0,"parent":0,"menu_order":0,"comment_status":"closed","ping_status":"closed","template":"","meta":{"_acf_changed":false,"footnotes":""},"class_list":["post-439","page","type-page","status-publish","hentry"],"acf":[],"yoast_head":"<!-- This site is optimized with the Yoast SEO plugin v27.3 - https:\/\/yoast.com\/product\/yoast-seo-wordpress\/ -->\n<title>Signatories - Vall\u00e9e de la transition \u00e9nerg\u00e9tique<\/title>\n<meta name=\"robots\" content=\"index, follow, max-snippet:-1, max-image-preview:large, max-video-preview:-1\" \/>\n<link rel=\"canonical\" href=\"https:\/\/zivte.com\/en\/signatories\/\" \/>\n<meta property=\"og:locale\" content=\"en_US\" \/>\n<meta property=\"og:type\" content=\"article\" \/>\n<meta property=\"og:title\" content=\"Signatories - Vall\u00e9e de la transition \u00e9nerg\u00e9tique\" \/>\n<meta property=\"og:url\" content=\"https:\/\/zivte.com\/en\/signatories\/\" \/>\n<meta property=\"og:site_name\" content=\"Vall\u00e9e de la transition \u00e9nerg\u00e9tique\" \/>\n<meta property=\"article:modified_time\" content=\"2026-03-18T22:39:47+00:00\" \/>\n<meta property=\"og:image\" content=\"https:\/\/zivte.com\/wp-content\/uploads\/2023\/04\/Facebook-Share.jpg\" \/>\n\t<meta property=\"og:image:width\" content=\"1200\" \/>\n\t<meta property=\"og:image:height\" content=\"630\" \/>\n\t<meta property=\"og:image:type\" content=\"image\/jpeg\" \/>\n<meta name=\"twitter:card\" content=\"summary_large_image\" \/>\n<meta name=\"twitter:label1\" content=\"Est. reading time\" \/>\n\t<meta name=\"twitter:data1\" content=\"1 minute\" \/>\n<script type=\"application\/ld+json\" class=\"yoast-schema-graph\">{\"@context\":\"https:\\\/\\\/schema.org\",\"@graph\":[{\"@type\":\"WebPage\",\"@id\":\"https:\\\/\\\/zivte.com\\\/en\\\/signatories\\\/\",\"url\":\"https:\\\/\\\/zivte.com\\\/en\\\/signatories\\\/\",\"name\":\"Signatories - Vall\u00e9e de la transition \u00e9nerg\u00e9tique\",\"isPartOf\":{\"@id\":\"https:\\\/\\\/zivte.com\\\/en\\\/#website\"},\"datePublished\":\"2023-07-04T18:28:40+00:00\",\"dateModified\":\"2026-03-18T22:39:47+00:00\",\"breadcrumb\":{\"@id\":\"https:\\\/\\\/zivte.com\\\/en\\\/signatories\\\/#breadcrumb\"},\"inLanguage\":\"en-US\",\"potentialAction\":[{\"@type\":\"ReadAction\",\"target\":[\"https:\\\/\\\/zivte.com\\\/en\\\/signatories\\\/\"]}]},{\"@type\":\"BreadcrumbList\",\"@id\":\"https:\\\/\\\/zivte.com\\\/en\\\/signatories\\\/#breadcrumb\",\"itemListElement\":[{\"@type\":\"ListItem\",\"position\":1,\"name\":\"Accueil\",\"item\":\"https:\\\/\\\/zivte.com\\\/en\\\/\"},{\"@type\":\"ListItem\",\"position\":2,\"name\":\"Signatories\"}]},{\"@type\":\"WebSite\",\"@id\":\"https:\\\/\\\/zivte.com\\\/en\\\/#website\",\"url\":\"https:\\\/\\\/zivte.com\\\/en\\\/\",\"name\":\"Vall\u00e9e de la transition \u00e9nerg\u00e9tique\",\"description\":\"Un \u00e9cosyst\u00e8me entrepreneurial et collaboratif entre les entreprises, les organisations et le monde du savoir.\",\"potentialAction\":[{\"@type\":\"SearchAction\",\"target\":{\"@type\":\"EntryPoint\",\"urlTemplate\":\"https:\\\/\\\/zivte.com\\\/en\\\/?s={search_term_string}\"},\"query-input\":{\"@type\":\"PropertyValueSpecification\",\"valueRequired\":true,\"valueName\":\"search_term_string\"}}],\"inLanguage\":\"en-US\"}]}<\/script>\n<!-- \/ Yoast SEO plugin. -->","yoast_head_json":{"title":"Signatories - Vall\u00e9e de la transition \u00e9nerg\u00e9tique","robots":{"index":"index","follow":"follow","max-snippet":"max-snippet:-1","max-image-preview":"max-image-preview:large","max-video-preview":"max-video-preview:-1"},"canonical":"https:\/\/zivte.com\/en\/signatories\/","og_locale":"en_US","og_type":"article","og_title":"Signatories - Vall\u00e9e de la transition \u00e9nerg\u00e9tique","og_url":"https:\/\/zivte.com\/en\/signatories\/","og_site_name":"Vall\u00e9e de la transition \u00e9nerg\u00e9tique","article_modified_time":"2026-03-18T22:39:47+00:00","og_image":[{"width":1200,"height":630,"url":"https:\/\/zivte.com\/wp-content\/uploads\/2023\/04\/Facebook-Share.jpg","type":"image\/jpeg"}],"twitter_card":"summary_large_image","twitter_misc":{"Est. reading time":"1 minute"},"schema":{"@context":"https:\/\/schema.org","@graph":[{"@type":"WebPage","@id":"https:\/\/zivte.com\/en\/signatories\/","url":"https:\/\/zivte.com\/en\/signatories\/","name":"Signatories - Vall\u00e9e de la transition \u00e9nerg\u00e9tique","isPartOf":{"@id":"https:\/\/zivte.com\/en\/#website"},"datePublished":"2023-07-04T18:28:40+00:00","dateModified":"2026-03-18T22:39:47+00:00","breadcrumb":{"@id":"https:\/\/zivte.com\/en\/signatories\/#breadcrumb"},"inLanguage":"en-US","potentialAction":[{"@type":"ReadAction","target":["https:\/\/zivte.com\/en\/signatories\/"]}]},{"@type":"BreadcrumbList","@id":"https:\/\/zivte.com\/en\/signatories\/#breadcrumb","itemListElement":[{"@type":"ListItem","position":1,"name":"Accueil","item":"https:\/\/zivte.com\/en\/"},{"@type":"ListItem","position":2,"name":"Signatories"}]},{"@type":"WebSite","@id":"https:\/\/zivte.com\/en\/#website","url":"https:\/\/zivte.com\/en\/","name":"Vall\u00e9e de la transition \u00e9nerg\u00e9tique","description":"Un \u00e9cosyst\u00e8me entrepreneurial et collaboratif entre les entreprises, les organisations et le monde du savoir.","potentialAction":[{"@type":"SearchAction","target":{"@type":"EntryPoint","urlTemplate":"https:\/\/zivte.com\/en\/?s={search_term_string}"},"query-input":{"@type":"PropertyValueSpecification","valueRequired":true,"valueName":"search_term_string"}}],"inLanguage":"en-US"}]}},"_links":{"self":[{"href":"https:\/\/zivte.com\/en\/wp-json\/wp\/v2\/pages\/439","targetHints":{"allow":["GET"]}}],"collection":[{"href":"https:\/\/zivte.com\/en\/wp-json\/wp\/v2\/pages"}],"about":[{"href":"https:\/\/zivte.com\/en\/wp-json\/wp\/v2\/types\/page"}],"author":[{"embeddable":true,"href":"https:\/\/zivte.com\/en\/wp-json\/wp\/v2\/users\/1"}],"replies":[{"embeddable":true,"href":"https:\/\/zivte.com\/en\/wp-json\/wp\/v2\/comments?post=439"}],"version-history":[{"count":3,"href":"https:\/\/zivte.com\/en\/wp-json\/wp\/v2\/pages\/439\/revisions"}],"predecessor-version":[{"id":1444,"href":"https:\/\/zivte.com\/en\/wp-json\/wp\/v2\/pages\/439\/revisions\/1444"}],"wp:attachment":[{"href":"https:\/\/zivte.com\/en\/wp-json\/wp\/v2\/media?parent=439"}],"curies":[{"name":"wp","href":"https:\/\/api.w.org\/{rel}","templated":true}]}}