{"id":191,"date":"2023-03-15T14:05:41","date_gmt":"2023-03-15T18:05:41","guid":{"rendered":"https:\/\/zivte.com\/page-non-trouvee\/"},"modified":"2023-04-06T10:10:05","modified_gmt":"2023-04-06T14:10:05","slug":"page-not-found","status":"publish","type":"page","link":"https:\/\/zivte.com\/en\/page-not-found\/","title":{"rendered":"Page not found"},"content":{"rendered":"<section class=\"l-section wpb_row height_auto\"><div class=\"l-section-h i-cf\"><div class=\"g-cols vc_row via_grid cols_1 laptops-cols_inherit tablets-cols_inherit mobiles-cols_1 valign_top type_default stacking_default\"><div class=\"wpb_column vc_column_container\"><div class=\"vc_column-inner\"><div class=\"wpb_text_column\"><div class=\"wpb_wrapper\"><h1 style=\"text-align: center;\">Page not found<\/h1>\n<p style=\"text-align: center;\">The link you clicked may not work or the page may have been deleted.<\/p>\n<\/div><\/div><\/div><\/div><\/div><\/div><\/section>\n","protected":false},"excerpt":{"rendered":"Page not found The link you clicked may not work or the page may have been deleted.","protected":false},"author":1,"featured_media":0,"parent":0,"menu_order":0,"comment_status":"closed","ping_status":"closed","template":"","meta":{"_acf_changed":false,"footnotes":""},"class_list":["post-191","page","type-page","status-publish","hentry"],"acf":[],"yoast_head":"<!-- This site is optimized with the Yoast SEO plugin v27.4 - https:\/\/yoast.com\/product\/yoast-seo-wordpress\/ -->\n<title>Page not found - Vall\u00e9e de la transition \u00e9nerg\u00e9tique<\/title>\n<meta name=\"robots\" content=\"index, follow, max-snippet:-1, max-image-preview:large, max-video-preview:-1\" \/>\n<link rel=\"canonical\" href=\"https:\/\/zivte.com\/en\/page-not-found\/\" \/>\n<meta property=\"og:locale\" content=\"en_US\" \/>\n<meta property=\"og:type\" content=\"article\" \/>\n<meta property=\"og:title\" content=\"Page not found - Vall\u00e9e de la transition \u00e9nerg\u00e9tique\" \/>\n<meta property=\"og:url\" content=\"https:\/\/zivte.com\/en\/page-not-found\/\" \/>\n<meta property=\"og:site_name\" content=\"Vall\u00e9e de la transition \u00e9nerg\u00e9tique\" \/>\n<meta property=\"article:modified_time\" content=\"2023-04-06T14:10:05+00:00\" \/>\n<meta property=\"og:image\" content=\"https:\/\/zivte.com\/wp-content\/uploads\/2023\/04\/Facebook-Share.jpg\" \/>\n\t<meta property=\"og:image:width\" content=\"1200\" \/>\n\t<meta property=\"og:image:height\" content=\"630\" \/>\n\t<meta property=\"og:image:type\" content=\"image\/jpeg\" \/>\n<meta name=\"twitter:card\" content=\"summary_large_image\" \/>\n<meta name=\"twitter:label1\" content=\"Est. reading time\" \/>\n\t<meta name=\"twitter:data1\" content=\"1 minute\" \/>\n<script type=\"application\/ld+json\" class=\"yoast-schema-graph\">{\"@context\":\"https:\\\/\\\/schema.org\",\"@graph\":[{\"@type\":\"WebPage\",\"@id\":\"https:\\\/\\\/zivte.com\\\/en\\\/page-not-found\\\/\",\"url\":\"https:\\\/\\\/zivte.com\\\/en\\\/page-not-found\\\/\",\"name\":\"Page not found - Vall\u00e9e de la transition \u00e9nerg\u00e9tique\",\"isPartOf\":{\"@id\":\"https:\\\/\\\/zivte.com\\\/en\\\/#website\"},\"datePublished\":\"2023-03-15T18:05:41+00:00\",\"dateModified\":\"2023-04-06T14:10:05+00:00\",\"breadcrumb\":{\"@id\":\"https:\\\/\\\/zivte.com\\\/en\\\/page-not-found\\\/#breadcrumb\"},\"inLanguage\":\"en-US\",\"potentialAction\":[{\"@type\":\"ReadAction\",\"target\":[\"https:\\\/\\\/zivte.com\\\/en\\\/page-not-found\\\/\"]}]},{\"@type\":\"BreadcrumbList\",\"@id\":\"https:\\\/\\\/zivte.com\\\/en\\\/page-not-found\\\/#breadcrumb\",\"itemListElement\":[{\"@type\":\"ListItem\",\"position\":1,\"name\":\"Accueil\",\"item\":\"https:\\\/\\\/zivte.com\\\/en\\\/\"},{\"@type\":\"ListItem\",\"position\":2,\"name\":\"Page not found\"}]},{\"@type\":\"WebSite\",\"@id\":\"https:\\\/\\\/zivte.com\\\/en\\\/#website\",\"url\":\"https:\\\/\\\/zivte.com\\\/en\\\/\",\"name\":\"Vall\u00e9e de la transition \u00e9nerg\u00e9tique\",\"description\":\"Un \u00e9cosyst\u00e8me entrepreneurial et collaboratif entre les entreprises, les organisations et le monde du savoir.\",\"potentialAction\":[{\"@type\":\"SearchAction\",\"target\":{\"@type\":\"EntryPoint\",\"urlTemplate\":\"https:\\\/\\\/zivte.com\\\/en\\\/?s={search_term_string}\"},\"query-input\":{\"@type\":\"PropertyValueSpecification\",\"valueRequired\":true,\"valueName\":\"search_term_string\"}}],\"inLanguage\":\"en-US\"}]}<\/script>\n<!-- \/ Yoast SEO plugin. -->","yoast_head_json":{"title":"Page not found - Vall\u00e9e de la transition \u00e9nerg\u00e9tique","robots":{"index":"index","follow":"follow","max-snippet":"max-snippet:-1","max-image-preview":"max-image-preview:large","max-video-preview":"max-video-preview:-1"},"canonical":"https:\/\/zivte.com\/en\/page-not-found\/","og_locale":"en_US","og_type":"article","og_title":"Page not found - Vall\u00e9e de la transition \u00e9nerg\u00e9tique","og_url":"https:\/\/zivte.com\/en\/page-not-found\/","og_site_name":"Vall\u00e9e de la transition \u00e9nerg\u00e9tique","article_modified_time":"2023-04-06T14:10:05+00:00","og_image":[{"width":1200,"height":630,"url":"https:\/\/zivte.com\/wp-content\/uploads\/2023\/04\/Facebook-Share.jpg","type":"image\/jpeg"}],"twitter_card":"summary_large_image","twitter_misc":{"Est. reading time":"1 minute"},"schema":{"@context":"https:\/\/schema.org","@graph":[{"@type":"WebPage","@id":"https:\/\/zivte.com\/en\/page-not-found\/","url":"https:\/\/zivte.com\/en\/page-not-found\/","name":"Page not found - Vall\u00e9e de la transition \u00e9nerg\u00e9tique","isPartOf":{"@id":"https:\/\/zivte.com\/en\/#website"},"datePublished":"2023-03-15T18:05:41+00:00","dateModified":"2023-04-06T14:10:05+00:00","breadcrumb":{"@id":"https:\/\/zivte.com\/en\/page-not-found\/#breadcrumb"},"inLanguage":"en-US","potentialAction":[{"@type":"ReadAction","target":["https:\/\/zivte.com\/en\/page-not-found\/"]}]},{"@type":"BreadcrumbList","@id":"https:\/\/zivte.com\/en\/page-not-found\/#breadcrumb","itemListElement":[{"@type":"ListItem","position":1,"name":"Accueil","item":"https:\/\/zivte.com\/en\/"},{"@type":"ListItem","position":2,"name":"Page not found"}]},{"@type":"WebSite","@id":"https:\/\/zivte.com\/en\/#website","url":"https:\/\/zivte.com\/en\/","name":"Vall\u00e9e de la transition \u00e9nerg\u00e9tique","description":"Un \u00e9cosyst\u00e8me entrepreneurial et collaboratif entre les entreprises, les organisations et le monde du savoir.","potentialAction":[{"@type":"SearchAction","target":{"@type":"EntryPoint","urlTemplate":"https:\/\/zivte.com\/en\/?s={search_term_string}"},"query-input":{"@type":"PropertyValueSpecification","valueRequired":true,"valueName":"search_term_string"}}],"inLanguage":"en-US"}]}},"_links":{"self":[{"href":"https:\/\/zivte.com\/en\/wp-json\/wp\/v2\/pages\/191","targetHints":{"allow":["GET"]}}],"collection":[{"href":"https:\/\/zivte.com\/en\/wp-json\/wp\/v2\/pages"}],"about":[{"href":"https:\/\/zivte.com\/en\/wp-json\/wp\/v2\/types\/page"}],"author":[{"embeddable":true,"href":"https:\/\/zivte.com\/en\/wp-json\/wp\/v2\/users\/1"}],"replies":[{"embeddable":true,"href":"https:\/\/zivte.com\/en\/wp-json\/wp\/v2\/comments?post=191"}],"version-history":[{"count":0,"href":"https:\/\/zivte.com\/en\/wp-json\/wp\/v2\/pages\/191\/revisions"}],"wp:attachment":[{"href":"https:\/\/zivte.com\/en\/wp-json\/wp\/v2\/media?parent=191"}],"curies":[{"name":"wp","href":"https:\/\/api.w.org\/{rel}","templated":true}]}}