{"id":1458,"date":"2026-03-12T12:32:31","date_gmt":"2026-03-12T16:32:31","guid":{"rendered":"https:\/\/zivte.com\/alliance-pan-canadienne-des-hubs-de-lhydrogene\/"},"modified":"2026-04-13T11:21:07","modified_gmt":"2026-04-13T15:21:07","slug":"pan-canadian-hydrogen-hubs-alliance","status":"publish","type":"page","link":"https:\/\/zivte.com\/en\/pan-canadian-hydrogen-hubs-alliance\/","title":{"rendered":"Pan-Canadian Hydrogen Hubs Alliance"},"content":{"rendered":"<section class=\"l-section wpb_row height_auto color_alternate with_img\"><div class=\"l-section-img\" role=\"img\" aria-label=\"Image\" data-img-width=\"1920\" data-img-height=\"1280\" style=\"background-image: url(https:\/\/zivte.com\/assets\/2023\/03\/eoliennes.jpeg);\"><\/div><div class=\"l-section-overlay\" style=\"background:var(--color-content-overlay)\"><\/div><div class=\"l-section-h i-cf\"><div class=\"g-cols vc_row via_grid cols_1 laptops-cols_inherit tablets-cols_inherit mobiles-cols_1 valign_top type_default stacking_default\"><div class=\"wpb_column vc_column_container\"><div class=\"vc_column-inner\"><div class=\"wpb_text_column us_custom_60e9caca us_animate_this\"><div class=\"wpb_wrapper\"><h1 style=\"text-align: center;\">Pan-Canadian Hydrogen Hubs Alliance<\/h1>\n<\/div><\/div><div class=\"w-separator size_medium\"><\/div><div class=\"w-image align_center\"><div class=\"w-image-h\"><img decoding=\"async\" width=\"300\" height=\"200\" src=\"https:\/\/zivte.com\/assets\/2026\/03\/Logo-Pan-Canadian-H2-hub-Blanc-300x200.png\" class=\"attachment-medium size-medium\" alt=\"\" loading=\"lazy\" srcset=\"https:\/\/zivte.com\/assets\/2026\/03\/Logo-Pan-Canadian-H2-hub-Blanc-300x200.png 300w, https:\/\/zivte.com\/assets\/2026\/03\/Logo-Pan-Canadian-H2-hub-Blanc-1024x683.png 1024w, https:\/\/zivte.com\/assets\/2026\/03\/Logo-Pan-Canadian-H2-hub-Blanc.png 1536w\" sizes=\"auto, (max-width: 300px) 100vw, 300px\" \/><\/div><\/div><\/div><\/div><\/div><\/div><\/section><section class=\"l-section wpb_row height_auto\"><div class=\"l-section-h i-cf\"><div class=\"g-cols vc_row via_grid cols_1 laptops-cols_inherit tablets-cols_inherit mobiles-cols_1 valign_top type_default stacking_default\"><div class=\"wpb_column vc_column_container\"><div class=\"vc_column-inner\"><div class=\"wpb_text_column\"><div class=\"wpb_wrapper\"><p>The Pan-Canadian Hydrogen Hubs Alliance unites five leading regional hydrogen organizations across Canada to accelerate clean energy innovation and the transition to a low-carbon economy. The Alliance is founded by the Energy Transition Valley (VTE, Qu\u00e9bec), Simon Fraser University\u2019s Clean Hydrogen Hub (British Columbia), the Newfoundland and Labrador Hydrogen Innovation Partnership (HyIP), the Edmonton Regional Hydrogen Hub (Alberta), and more recently the Atlantic Hydrogen Alliance (AHA) which joined the partnership.<\/p>\n<p>Together, these partners bring complementary regional strengths and shared strategic vision to build a thriving national hydrogen ecosystem that drives investment, supports technological breakthroughs, and enhances workforce development. By coordinating activities across regions, the Alliance fosters collaboration between industry, academia, government, and community stakeholders, helping to scale hydrogen solutions that contribute to a more resilient, sustainable, and economically competitive Canada.<\/p>\n<\/div><\/div><div class=\"w-separator size_large\"><\/div><\/div><\/div><\/div><\/div><\/section><section class=\"l-section wpb_row us_custom_f9d0b101 height_auto width_full\"><div class=\"l-section-h i-cf\"><div class=\"g-cols vc_row via_grid cols_1 laptops-cols_inherit tablets-cols_inherit mobiles-cols_1 valign_top type_default stacking_default\"><div class=\"wpb_column vc_column_container\"><div class=\"vc_column-inner\"><div class=\"wpb_text_column\"><div class=\"wpb_wrapper\"><p><span><mapplic-map id=\"mapplic-1481\" data-json=\"{&quot;settings&quot;:{&quot;mapWidth&quot;:1900,&quot;mapHeight&quot;:1798,&quot;zoom&quot;:true,&quot;hoverTooltip&quot;:true,&quot;maxZoom&quot;:1,&quot;layer&quot;:&quot;layer1&quot;,&quot;layerSwitcher&quot;:&quot;top-right&quot;,&quot;resetButton&quot;:&quot;bottom-right&quot;,&quot;zoomButtons&quot;:&quot;bottom-right&quot;,&quot;hoverAbout&quot;:false,&quot;theme&quot;:&quot;default&quot;,&quot;css&quot;:&quot;.mapplic-container {\\n    background-color:transparent !important;\\n}&quot;,&quot;mouseWheel&quot;:false},&quot;locations&quot;:[{&quot;id&quot;:&quot;loc5&quot;,&quot;title&quot;:&quot;HyIP&quot;,&quot;coord&quot;:[0.937,0.758],&quot;layer&quot;:&quot;layer1&quot;,&quot;color&quot;:&quot;#aee269&quot;,&quot;desc&quot;:&quot;The Hydrogen Innovation Platform (Hy-IP) is a collaborative hub dedicated to accelerating the development and commercialization of clean hydrogen technologies in Canada.&quot;,&quot;link&quot;:&quot;https:\/\/hy-ip.ca\/&quot;,&quot;more&quot;:&quot;Site Web&quot;},{&quot;id&quot;:&quot;loc4&quot;,&quot;title&quot;:&quot;Atlantic hydrogen aliance&quot;,&quot;coord&quot;:[0.8651,0.8687],&quot;layer&quot;:&quot;layer1&quot;,&quot;color&quot;:&quot;#aee269&quot;,&quot;desc&quot;:&quot;The Atlantic Hydrogen Alliance (AHA) is a collaborative organization that supports the development of a low-emission hydrogen value chain in Canada&rsquo;s Atlantic provinces.&quot;,&quot;link&quot;:&quot;https:\/\/atlantichydrogen.ca\/&quot;,&quot;more&quot;:&quot;Site Web&quot;},{&quot;id&quot;:&quot;loc3&quot;,&quot;title&quot;:&quot;VTE&quot;,&quot;coord&quot;:[0.7571,0.803],&quot;layer&quot;:&quot;layer1&quot;,&quot;color&quot;:&quot;#aee269&quot;,&quot;desc&quot;:&quot;Driven by the desire to accelerate and successfully achieve the energy transition while reducing the environmental footprint of their urban, industrial, and port areas, the cities of B&eacute;cancour, Shawinigan, and Trois-Rivi&egrave;res are joining forces around a collective proposal aimed at achieving a sustainable transition that matches their ambitions and those of Quebec.&quot;,&quot;link&quot;:&quot;https:\/\/zivte.com&quot;,&quot;more&quot;:&quot;Site Web&quot;},{&quot;id&quot;:&quot;loc2&quot;,&quot;title&quot;:&quot;SFU Clean Hydrogen Hub&quot;,&quot;coord&quot;:[0.0631,0.7538],&quot;layer&quot;:&quot;layer1&quot;,&quot;color&quot;:&quot;#aee269&quot;,&quot;desc&quot;:&quot;In response to the intensification of climate change, Simon Fraser University (SFU) has established the Clean Hydrogen Hub, a collaborative platform aimed at accelerating the commercialization of clean hydrogen solutions and reducing production costs.&quot;,&quot;link&quot;:&quot;https:\/\/www.sfu.ca\/research\/institutes-centres-facilities\/core-facilities\/sfu-clean-hydrogen-hub.html&quot;,&quot;more&quot;:&quot;Site Web&quot;},{&quot;id&quot;:&quot;loc1&quot;,&quot;title&quot;:&quot;Edmonton Region Hydrogen Hub&quot;,&quot;layer&quot;:&quot;layer1&quot;,&quot;link&quot;:&quot;https:\/\/www.hydrogen.ca&quot;,&quot;desc&quot;:&quot;The Edmonton Region Hydrogen Hub, led by Hydrogen Canada, is a collaborative center that aims to make the Edmonton region a global leader in the clean hydrogen economy. It brings together municipalities, industries, and associations to develop a strong hydrogen value chain, support innovation, accelerate the adoption of low-emission technologies, and promote the decarbonization of heavy industries.&quot;,&quot;type&quot;:&quot;circle&quot;,&quot;action&quot;:&quot;tooltip&quot;,&quot;coord&quot;:[0.2474,0.6285],&quot;color&quot;:&quot;#aee269&quot;,&quot;more&quot;:&quot;Site Web&quot;}],&quot;layers&quot;:[{&quot;id&quot;:&quot;layer1&quot;,&quot;name&quot;:&quot;Layer 1&quot;,&quot;file&quot;:&quot;https:\/\/zivte.com\/assets\/2026\/04\/Map-Canada.png&quot;}],&quot;breakpoints&quot;:[{&quot;name&quot;:&quot;all-screens&quot;,&quot;below&quot;:9000,&quot;container&quot;:600},{&quot;name&quot;:&quot;mobile&quot;,&quot;below&quot;:480,&quot;container&quot;:400,&quot;portrait&quot;:true}],&quot;samples&quot;:[{&quot;id&quot;:&quot;def&quot;,&quot;title&quot;:&quot;Default&quot;,&quot;group&quot;:[]}]}\" data-path=\"https:\/\/zivte.com\/app\/mapplic-wp\/\/core\/\"><\/mapplic-map><\/span><\/p>\n<\/div><\/div><\/div><\/div><\/div><\/div><\/section><section class=\"l-section wpb_row height_auto\"><div class=\"l-section-h i-cf\"><div class=\"g-cols vc_row via_grid cols_1-3 laptops-cols_inherit tablets-cols_inherit mobiles-cols_1 valign_top type_default stacking_default\"><div class=\"wpb_column vc_column_container\"><div class=\"vc_column-inner\"><div class=\"w-image align_none\"><div class=\"w-image-h\"><img decoding=\"async\" width=\"520\" height=\"120\" src=\"https:\/\/zivte.com\/assets\/2026\/03\/SFU@2x.png\" class=\"attachment-large size-large\" alt=\"\" loading=\"lazy\" srcset=\"https:\/\/zivte.com\/assets\/2026\/03\/SFU@2x.png 520w, https:\/\/zivte.com\/assets\/2026\/03\/SFU@2x-300x69.png 300w\" sizes=\"auto, (max-width: 520px) 100vw, 520px\" \/><\/div><\/div><\/div><\/div><div class=\"wpb_column vc_column_container\"><div class=\"vc_column-inner\"><div class=\"wpb_text_column\"><div class=\"wpb_wrapper\"><h3>SFU Clean Hydrogen Hub<\/h3>\n<p>In response to the intensification of climate change, Simon Fraser University (SFU) has established the Clean Hydrogen Hub, a collaborative platform aimed at accelerating the commercialization of clean hydrogen solutions and reducing production costs. In partnership with governments, industry, and various ecosystem players in British Columbia and Canada, the Hub acts as a megawatt test bed for the development of emerging technologies. Located on the Burnaby campus, it is a global research and innovation center connecting researchers, technology developers, manufacturers, community partners, and industrial users to contribute to the decarbonization of the Canadian economy and the international influence of the sector.<\/p>\n<\/div><\/div><div class=\"w-separator size_small\"><\/div><div class=\"w-btn-wrapper align_none\"><a class=\"w-btn us-btn-style_3\" target=\"_blank\" href=\"https:\/\/www.sfu.ca\/research\/institutes-centres-facilities\/core-facilities\/sfu-clean-hydrogen-hub.html\"><span class=\"w-btn-label\">Read more<\/span><\/a><\/div><\/div><\/div><\/div><\/div><\/section><section class=\"l-section wpb_row height_auto\"><div class=\"l-section-h i-cf\"><div class=\"g-cols vc_row via_grid cols_1-3 laptops-cols_inherit tablets-cols_inherit mobiles-cols_1 valign_top type_default stacking_default\"><div class=\"wpb_column vc_column_container\"><div class=\"vc_column-inner\"><div class=\"w-image align_none\"><div class=\"w-image-h\"><img decoding=\"async\" width=\"546\" height=\"276\" src=\"https:\/\/zivte.com\/assets\/2026\/03\/HyIP.png\" class=\"attachment-large size-large\" alt=\"\" loading=\"lazy\" srcset=\"https:\/\/zivte.com\/assets\/2026\/03\/HyIP.png 546w, https:\/\/zivte.com\/assets\/2026\/03\/HyIP-300x152.png 300w\" sizes=\"auto, (max-width: 546px) 100vw, 546px\" \/><\/div><\/div><\/div><\/div><div class=\"wpb_column vc_column_container\"><div class=\"vc_column-inner\"><div class=\"wpb_text_column\"><div class=\"wpb_wrapper\"><h3>Newfoundland and Labrador Hydrogen Innovation Partnership<\/h3>\n<p>The Hydrogen Innovation Platform (Hy-IP) is a collaborative hub dedicated to accelerating the development and commercialization of clean hydrogen technologies in Canada. By bringing together researchers, technology companies, industrial partners, and government stakeholders, Hy-IP supports innovation through applied research infrastructure, demonstration projects, and strategic business support. The hub promotes the scaling up of technological solutions, knowledge transfer, and the development of integrated value chains, thereby contributing to the decarbonization of key economic sectors and positioning Canada as a leader in clean hydrogen.<\/p>\n<\/div><\/div><div class=\"w-separator size_small\"><\/div><div class=\"w-btn-wrapper align_none\"><a class=\"w-btn us-btn-style_3\" target=\"_blank\" href=\"https:\/\/hy-ip.ca\"><span class=\"w-btn-label\">Read more<\/span><\/a><\/div><\/div><\/div><\/div><\/div><\/section><section class=\"l-section wpb_row height_auto\"><div class=\"l-section-h i-cf\"><div class=\"g-cols vc_row via_grid cols_1-3 laptops-cols_inherit tablets-cols_inherit mobiles-cols_1 valign_top type_default stacking_default\"><div class=\"wpb_column vc_column_container\"><div class=\"vc_column-inner\"><div class=\"w-image align_none\"><div class=\"w-image-h\"><img decoding=\"async\" width=\"1024\" height=\"207\" src=\"https:\/\/zivte.com\/assets\/2026\/03\/67cf1119278a69066643d84a_f9ac6390d2a89e2dc90cfb3cb19f0856_HydrogenHub_Logo_Teal_Charcoal-1024x207.webp\" class=\"attachment-large size-large\" alt=\"\" loading=\"lazy\" srcset=\"https:\/\/zivte.com\/assets\/2026\/03\/67cf1119278a69066643d84a_f9ac6390d2a89e2dc90cfb3cb19f0856_HydrogenHub_Logo_Teal_Charcoal-1024x207.webp 1024w, https:\/\/zivte.com\/assets\/2026\/03\/67cf1119278a69066643d84a_f9ac6390d2a89e2dc90cfb3cb19f0856_HydrogenHub_Logo_Teal_Charcoal-300x61.webp 300w\" sizes=\"auto, (max-width: 1024px) 100vw, 1024px\" \/><\/div><\/div><\/div><\/div><div class=\"wpb_column vc_column_container\"><div class=\"vc_column-inner\"><div class=\"wpb_text_column\"><div class=\"wpb_wrapper\"><h3>Edmonton Regional Hydrogen Hub<\/h3>\n<p>The Edmonton Region Hydrogen Hub, led by Hydrogen Canada, is a collaborative center that aims to make the Edmonton region a global leader in the clean hydrogen economy. It brings together municipalities, industries, and associations to develop a strong hydrogen value chain, support innovation, accelerate the adoption of low-emission technologies, and promote the decarbonization of heavy industries. The hub leverages the region&#8217;s well-established hydrogen production capabilities and strategic infrastructure to stimulate clean economic growth, foster concrete projects (such as the integration of hydrogen into transportation and industry), and position Alberta as a major player in the energy of tomorrow.<\/p>\n<\/div><\/div><div class=\"w-separator size_small\"><\/div><div class=\"w-btn-wrapper align_none\"><a class=\"w-btn us-btn-style_3\" target=\"_blank\" href=\"https:\/\/www.hydrogen.ca\"><span class=\"w-btn-label\">Read more<\/span><\/a><\/div><\/div><\/div><\/div><\/div><\/section><section class=\"l-section wpb_row height_auto\"><div class=\"l-section-h i-cf\"><div class=\"g-cols vc_row via_grid cols_1-3 laptops-cols_inherit tablets-cols_inherit mobiles-cols_1 valign_top type_default stacking_default\"><div class=\"wpb_column vc_column_container\"><div class=\"vc_column-inner\"><div class=\"w-image align_none\"><div class=\"w-image-h\"><img decoding=\"async\" width=\"1000\" height=\"275\" src=\"https:\/\/zivte.com\/assets\/2026\/03\/logo.png\" class=\"attachment-large size-large\" alt=\"\" loading=\"lazy\" srcset=\"https:\/\/zivte.com\/assets\/2026\/03\/logo.png 1000w, https:\/\/zivte.com\/assets\/2026\/03\/logo-300x83.png 300w\" sizes=\"auto, (max-width: 1000px) 100vw, 1000px\" \/><\/div><\/div><\/div><\/div><div class=\"wpb_column vc_column_container\"><div class=\"vc_column-inner\"><div class=\"wpb_text_column\"><div class=\"wpb_wrapper\"><h3>Atlantic Hydrogen Alliance<\/h3>\n<p>The Atlantic Hydrogen Alliance (AHA) is a collaborative organization that supports the development of a low-emission hydrogen value chain in Canada&#8217;s Atlantic provinces. It aims to accelerate the adoption of clean hydrogen solutions to help the region meet its climate goals, while stimulating economic growth and innovation in sectors that are difficult to decarbonize. The AHA works with public and private partners to develop regional strategies, encourage pilot projects, and establish conditions conducive to hydrogen production, transportation, and use. Through its integrated approach, it is helping to position Atlantic Canada as a key player in the emerging clean hydrogen economy.<\/p>\n<\/div><\/div><div class=\"w-separator size_small\"><\/div><div class=\"w-btn-wrapper align_none\"><a class=\"w-btn us-btn-style_3\" target=\"_blank\" href=\"https:\/\/atlantichydrogen.ca\"><span class=\"w-btn-label\">Read more<\/span><\/a><\/div><\/div><\/div><\/div><\/div><\/section>\n","protected":false},"excerpt":{"rendered":"Pan-Canadian Hydrogen Hubs Alliance The Pan-Canadian Hydrogen Hubs Alliance unites five leading regional hydrogen organizations across Canada to accelerate clean energy innovation and the transition to a low-carbon economy. The Alliance is founded by the Energy Transition Valley (VTE, Qu\u00e9bec), Simon Fraser University\u2019s Clean Hydrogen Hub (British Columbia), the Newfoundland and Labrador Hydrogen Innovation Partnership...","protected":false},"author":1,"featured_media":0,"parent":0,"menu_order":0,"comment_status":"closed","ping_status":"closed","template":"","meta":{"_acf_changed":false,"footnotes":""},"class_list":["post-1458","page","type-page","status-publish","hentry"],"acf":[],"yoast_head":"<!-- This site is optimized with the Yoast SEO plugin v27.5 - https:\/\/yoast.com\/product\/yoast-seo-wordpress\/ -->\n<title>Pan-Canadian Hydrogen Hubs Alliance - Vall\u00e9e de la transition \u00e9nerg\u00e9tique<\/title>\n<meta name=\"description\" content=\"L&#039;Alliance pancanadienne des p\u00f4les hydrog\u00e8ne r\u00e9unit cinq organisations r\u00e9gionales de premier plan dans le domaine de l&#039;hydrog\u00e8ne \u00e0 travers le Canada\" \/>\n<meta name=\"robots\" content=\"index, follow, max-snippet:-1, max-image-preview:large, max-video-preview:-1\" \/>\n<link rel=\"canonical\" href=\"https:\/\/zivte.com\/en\/pan-canadian-hydrogen-hubs-alliance\/\" \/>\n<meta property=\"og:locale\" content=\"en_US\" \/>\n<meta property=\"og:type\" content=\"article\" \/>\n<meta property=\"og:title\" content=\"Pan-Canadian Hydrogen Hubs Alliance - Vall\u00e9e de la transition \u00e9nerg\u00e9tique\" \/>\n<meta property=\"og:description\" content=\"L&#039;Alliance pancanadienne des p\u00f4les hydrog\u00e8ne r\u00e9unit cinq organisations r\u00e9gionales de premier plan dans le domaine de l&#039;hydrog\u00e8ne \u00e0 travers le Canada\" \/>\n<meta property=\"og:url\" content=\"https:\/\/zivte.com\/en\/pan-canadian-hydrogen-hubs-alliance\/\" \/>\n<meta property=\"og:site_name\" content=\"Vall\u00e9e de la transition \u00e9nerg\u00e9tique\" \/>\n<meta property=\"article:modified_time\" content=\"2026-04-13T15:21:07+00:00\" \/>\n<meta property=\"og:image\" content=\"https:\/\/zivte.com\/assets\/2023\/04\/Facebook-Share.jpg\" \/>\n\t<meta property=\"og:image:width\" content=\"1200\" \/>\n\t<meta property=\"og:image:height\" content=\"630\" \/>\n\t<meta property=\"og:image:type\" content=\"image\/jpeg\" \/>\n<meta name=\"twitter:card\" content=\"summary_large_image\" \/>\n<meta name=\"twitter:label1\" content=\"Est. reading time\" \/>\n\t<meta name=\"twitter:data1\" content=\"4 minutes\" \/>\n<script type=\"application\/ld+json\" class=\"yoast-schema-graph\">{\"@context\":\"https:\\\/\\\/schema.org\",\"@graph\":[{\"@type\":\"WebPage\",\"@id\":\"https:\\\/\\\/zivte.com\\\/en\\\/pan-canadian-hydrogen-hubs-alliance\\\/\",\"url\":\"https:\\\/\\\/zivte.com\\\/en\\\/pan-canadian-hydrogen-hubs-alliance\\\/\",\"name\":\"Pan-Canadian Hydrogen Hubs Alliance - Vall\u00e9e de la transition \u00e9nerg\u00e9tique\",\"isPartOf\":{\"@id\":\"https:\\\/\\\/zivte.com\\\/en\\\/#website\"},\"datePublished\":\"2026-03-12T16:32:31+00:00\",\"dateModified\":\"2026-04-13T15:21:07+00:00\",\"description\":\"L'Alliance pancanadienne des p\u00f4les hydrog\u00e8ne r\u00e9unit cinq organisations r\u00e9gionales de premier plan dans le domaine de l'hydrog\u00e8ne \u00e0 travers le Canada\",\"breadcrumb\":{\"@id\":\"https:\\\/\\\/zivte.com\\\/en\\\/pan-canadian-hydrogen-hubs-alliance\\\/#breadcrumb\"},\"inLanguage\":\"en-US\",\"potentialAction\":[{\"@type\":\"ReadAction\",\"target\":[\"https:\\\/\\\/zivte.com\\\/en\\\/pan-canadian-hydrogen-hubs-alliance\\\/\"]}]},{\"@type\":\"BreadcrumbList\",\"@id\":\"https:\\\/\\\/zivte.com\\\/en\\\/pan-canadian-hydrogen-hubs-alliance\\\/#breadcrumb\",\"itemListElement\":[{\"@type\":\"ListItem\",\"position\":1,\"name\":\"Accueil\",\"item\":\"https:\\\/\\\/zivte.com\\\/en\\\/\"},{\"@type\":\"ListItem\",\"position\":2,\"name\":\"Pan-Canadian Hydrogen Hubs Alliance\"}]},{\"@type\":\"WebSite\",\"@id\":\"https:\\\/\\\/zivte.com\\\/en\\\/#website\",\"url\":\"https:\\\/\\\/zivte.com\\\/en\\\/\",\"name\":\"Vall\u00e9e de la transition \u00e9nerg\u00e9tique\",\"description\":\"Un \u00e9cosyst\u00e8me entrepreneurial et collaboratif entre les entreprises, les organisations et le monde du savoir.\",\"potentialAction\":[{\"@type\":\"SearchAction\",\"target\":{\"@type\":\"EntryPoint\",\"urlTemplate\":\"https:\\\/\\\/zivte.com\\\/en\\\/?s={search_term_string}\"},\"query-input\":{\"@type\":\"PropertyValueSpecification\",\"valueRequired\":true,\"valueName\":\"search_term_string\"}}],\"inLanguage\":\"en-US\"}]}<\/script>\n<!-- \/ Yoast SEO plugin. -->","yoast_head_json":{"title":"Pan-Canadian Hydrogen Hubs Alliance - Vall\u00e9e de la transition \u00e9nerg\u00e9tique","description":"L'Alliance pancanadienne des p\u00f4les hydrog\u00e8ne r\u00e9unit cinq organisations r\u00e9gionales de premier plan dans le domaine de l'hydrog\u00e8ne \u00e0 travers le Canada","robots":{"index":"index","follow":"follow","max-snippet":"max-snippet:-1","max-image-preview":"max-image-preview:large","max-video-preview":"max-video-preview:-1"},"canonical":"https:\/\/zivte.com\/en\/pan-canadian-hydrogen-hubs-alliance\/","og_locale":"en_US","og_type":"article","og_title":"Pan-Canadian Hydrogen Hubs Alliance - Vall\u00e9e de la transition \u00e9nerg\u00e9tique","og_description":"L'Alliance pancanadienne des p\u00f4les hydrog\u00e8ne r\u00e9unit cinq organisations r\u00e9gionales de premier plan dans le domaine de l'hydrog\u00e8ne \u00e0 travers le Canada","og_url":"https:\/\/zivte.com\/en\/pan-canadian-hydrogen-hubs-alliance\/","og_site_name":"Vall\u00e9e de la transition \u00e9nerg\u00e9tique","article_modified_time":"2026-04-13T15:21:07+00:00","og_image":[{"width":1200,"height":630,"url":"https:\/\/zivte.com\/assets\/2023\/04\/Facebook-Share.jpg","type":"image\/jpeg"}],"twitter_card":"summary_large_image","twitter_misc":{"Est. reading time":"4 minutes"},"schema":{"@context":"https:\/\/schema.org","@graph":[{"@type":"WebPage","@id":"https:\/\/zivte.com\/en\/pan-canadian-hydrogen-hubs-alliance\/","url":"https:\/\/zivte.com\/en\/pan-canadian-hydrogen-hubs-alliance\/","name":"Pan-Canadian Hydrogen Hubs Alliance - Vall\u00e9e de la transition \u00e9nerg\u00e9tique","isPartOf":{"@id":"https:\/\/zivte.com\/en\/#website"},"datePublished":"2026-03-12T16:32:31+00:00","dateModified":"2026-04-13T15:21:07+00:00","description":"L'Alliance pancanadienne des p\u00f4les hydrog\u00e8ne r\u00e9unit cinq organisations r\u00e9gionales de premier plan dans le domaine de l'hydrog\u00e8ne \u00e0 travers le Canada","breadcrumb":{"@id":"https:\/\/zivte.com\/en\/pan-canadian-hydrogen-hubs-alliance\/#breadcrumb"},"inLanguage":"en-US","potentialAction":[{"@type":"ReadAction","target":["https:\/\/zivte.com\/en\/pan-canadian-hydrogen-hubs-alliance\/"]}]},{"@type":"BreadcrumbList","@id":"https:\/\/zivte.com\/en\/pan-canadian-hydrogen-hubs-alliance\/#breadcrumb","itemListElement":[{"@type":"ListItem","position":1,"name":"Accueil","item":"https:\/\/zivte.com\/en\/"},{"@type":"ListItem","position":2,"name":"Pan-Canadian Hydrogen Hubs Alliance"}]},{"@type":"WebSite","@id":"https:\/\/zivte.com\/en\/#website","url":"https:\/\/zivte.com\/en\/","name":"Vall\u00e9e de la transition \u00e9nerg\u00e9tique","description":"Un \u00e9cosyst\u00e8me entrepreneurial et collaboratif entre les entreprises, les organisations et le monde du savoir.","potentialAction":[{"@type":"SearchAction","target":{"@type":"EntryPoint","urlTemplate":"https:\/\/zivte.com\/en\/?s={search_term_string}"},"query-input":{"@type":"PropertyValueSpecification","valueRequired":true,"valueName":"search_term_string"}}],"inLanguage":"en-US"}]}},"_links":{"self":[{"href":"https:\/\/zivte.com\/en\/wp-json\/wp\/v2\/pages\/1458","targetHints":{"allow":["GET"]}}],"collection":[{"href":"https:\/\/zivte.com\/en\/wp-json\/wp\/v2\/pages"}],"about":[{"href":"https:\/\/zivte.com\/en\/wp-json\/wp\/v2\/types\/page"}],"author":[{"embeddable":true,"href":"https:\/\/zivte.com\/en\/wp-json\/wp\/v2\/users\/1"}],"replies":[{"embeddable":true,"href":"https:\/\/zivte.com\/en\/wp-json\/wp\/v2\/comments?post=1458"}],"version-history":[{"count":0,"href":"https:\/\/zivte.com\/en\/wp-json\/wp\/v2\/pages\/1458\/revisions"}],"wp:attachment":[{"href":"https:\/\/zivte.com\/en\/wp-json\/wp\/v2\/media?parent=1458"}],"curies":[{"name":"wp","href":"https:\/\/api.w.org\/{rel}","templated":true}]}}